{"id":708,"date":"2024-05-23T13:55:00","date_gmt":"2024-05-23T11:55:00","guid":{"rendered":"https:\/\/www.opticasantamaria.com\/tienda\/gafas-de-sol-x-nina-mur\/"},"modified":"2025-03-12T10:38:19","modified_gmt":"2025-03-12T09:38:19","slug":"sunglasses-by-nina-mur","status":"publish","type":"product","link":"https:\/\/www.opticasantamaria.com\/en\/shop\/sunglasses-by-nina-mur\/","title":{"rendered":"Sunglasses by Nina M\u00fbr"},"content":{"rendered":"<p><a href=\"https:\/\/www.opticasantamaria.com\/en\/brand\/nina-mur\/\">NINA M\u00dbR<\/a> designs and produces each pair of sunglasses from scratch, one by one, in her Madrid workshop.<\/p>\n<p>The combination of warm traditional craftsmanship with modern technology. The brand offers the most refined natural eyewear, crafted <strong>with only the finest European components<\/strong>.<\/p>\n<p><strong>Sustainable and respectful.<\/strong><\/p>\n","protected":false},"excerpt":{"rendered":"<p>NINA M\u00dbR designs and produces each pair of sunglasses from scratch, one by one, in her Madrid workshop. The combination of warm traditional craftsmanship with modern technology. The brand offers the most refined natural eyewear, crafted with only the finest European components. Sustainable and respectful.<\/p>\n","protected":false},"featured_media":682,"template":"","meta":{"_et_pb_use_builder":"","_et_pb_old_content":"","_et_gb_content_width":""},"product_brand":[70],"product_cat":[28],"product_tag":[],"class_list":{"0":"post-708","1":"product","2":"type-product","3":"status-publish","4":"has-post-thumbnail","6":"product_brand-nina-mur","7":"product_cat-designer-sunglasses","9":"first","10":"instock","11":"taxable","12":"shipping-taxable","13":"purchasable","14":"product-type-variable"},"yoast_head":"<!-- This site is optimized with the Yoast SEO plugin v27.2 - https:\/\/yoast.com\/product\/yoast-seo-wordpress\/ -->\n<title>Sunglasses by Nina M\u00fbr | \u00d2ptica Santa Maria<\/title>\n<meta name=\"description\" content=\"Nina M\u00fbr designs and produces each pair of sunglasses from scratch, one by one, in her workshop in Madrid, to offer the finest natural sunglasses.\" \/>\n<meta name=\"robots\" content=\"index, follow, max-snippet:-1, max-image-preview:large, max-video-preview:-1\" \/>\n<link rel=\"canonical\" href=\"https:\/\/www.opticasantamaria.com\/en\/shop\/sunglasses-by-nina-mur\/\" \/>\n<meta property=\"og:locale\" content=\"en_US\" \/>\n<meta property=\"og:type\" content=\"article\" \/>\n<meta property=\"og:title\" content=\"Sunglasses by Nina M\u00fbr | \u00d2ptica Santa Maria\" \/>\n<meta property=\"og:description\" content=\"Nina M\u00fbr designs and produces each pair of sunglasses from scratch, one by one, in her workshop in Madrid, to offer the finest natural sunglasses.\" \/>\n<meta property=\"og:url\" content=\"https:\/\/www.opticasantamaria.com\/en\/shop\/sunglasses-by-nina-mur\/\" \/>\n<meta property=\"og:site_name\" content=\"\u00d2ptica Santa Maria\" \/>\n<meta property=\"article:publisher\" content=\"https:\/\/www.facebook.com\/opticasantamaria-345258579849649\" \/>\n<meta property=\"article:modified_time\" content=\"2025-03-12T09:38:19+00:00\" \/>\n<meta property=\"og:image\" content=\"https:\/\/www.opticasantamaria.com\/wp-content\/uploads\/2024\/05\/gafas-sol-nina-mur-optica-santa-maria.webp\" \/>\n\t<meta property=\"og:image:width\" content=\"1667\" \/>\n\t<meta property=\"og:image:height\" content=\"2500\" \/>\n\t<meta property=\"og:image:type\" content=\"image\/webp\" \/>\n<meta name=\"twitter:card\" content=\"summary_large_image\" \/>\n<meta name=\"twitter:label1\" content=\"Est. reading time\" \/>\n\t<meta name=\"twitter:data1\" content=\"1 minute\" \/>\n<script type=\"application\/ld+json\" class=\"yoast-schema-graph\">{\"@context\":\"https:\/\/schema.org\",\"@graph\":[{\"@type\":\"WebPage\",\"@id\":\"https:\/\/www.opticasantamaria.com\/en\/shop\/sunglasses-by-nina-mur\/\",\"url\":\"https:\/\/www.opticasantamaria.com\/en\/shop\/sunglasses-by-nina-mur\/\",\"name\":\"Sunglasses by Nina M\u00fbr | \u00d2ptica Santa Maria\",\"isPartOf\":{\"@id\":\"https:\/\/www.opticasantamaria.com\/en\/#website\"},\"primaryImageOfPage\":{\"@id\":\"https:\/\/www.opticasantamaria.com\/en\/shop\/sunglasses-by-nina-mur\/#primaryimage\"},\"image\":{\"@id\":\"https:\/\/www.opticasantamaria.com\/en\/shop\/sunglasses-by-nina-mur\/#primaryimage\"},\"thumbnailUrl\":\"https:\/\/www.opticasantamaria.com\/wp-content\/uploads\/2024\/05\/gafas-sol-nina-mur-optica-santa-maria.webp\",\"datePublished\":\"2024-05-23T11:55:00+00:00\",\"dateModified\":\"2025-03-12T09:38:19+00:00\",\"description\":\"Nina M\u00fbr designs and produces each pair of sunglasses from scratch, one by one, in her workshop in Madrid, to offer the finest natural sunglasses.\",\"breadcrumb\":{\"@id\":\"https:\/\/www.opticasantamaria.com\/en\/shop\/sunglasses-by-nina-mur\/#breadcrumb\"},\"inLanguage\":\"en-US\",\"potentialAction\":[{\"@type\":\"ReadAction\",\"target\":[\"https:\/\/www.opticasantamaria.com\/en\/shop\/sunglasses-by-nina-mur\/\"]}]},{\"@type\":\"ImageObject\",\"inLanguage\":\"en-US\",\"@id\":\"https:\/\/www.opticasantamaria.com\/en\/shop\/sunglasses-by-nina-mur\/#primaryimage\",\"url\":\"https:\/\/www.opticasantamaria.com\/wp-content\/uploads\/2024\/05\/gafas-sol-nina-mur-optica-santa-maria.webp\",\"contentUrl\":\"https:\/\/www.opticasantamaria.com\/wp-content\/uploads\/2024\/05\/gafas-sol-nina-mur-optica-santa-maria.webp\",\"width\":1667,\"height\":2500,\"caption\":\"Buy sunglasses - Nina M\u00fbr - Pale white - \u00d3ptica Santa Maria online shop\"},{\"@type\":\"BreadcrumbList\",\"@id\":\"https:\/\/www.opticasantamaria.com\/en\/shop\/sunglasses-by-nina-mur\/#breadcrumb\",\"itemListElement\":[{\"@type\":\"ListItem\",\"position\":1,\"name\":\"Portada\",\"item\":\"https:\/\/www.opticasantamaria.com\/en\/optica-santa-maria\/\"},{\"@type\":\"ListItem\",\"position\":2,\"name\":\"Shop\",\"item\":\"https:\/\/www.opticasantamaria.com\/en\/shop\/\"},{\"@type\":\"ListItem\",\"position\":3,\"name\":\"Sunglasses by Nina M\u00fbr\"}]},{\"@type\":\"WebSite\",\"@id\":\"https:\/\/www.opticasantamaria.com\/en\/#website\",\"url\":\"https:\/\/www.opticasantamaria.com\/en\/\",\"name\":\"\u00d2ptica Santa Maria\",\"description\":\"Somos de otra pasta\",\"publisher\":{\"@id\":\"https:\/\/www.opticasantamaria.com\/en\/#organization\"},\"potentialAction\":[{\"@type\":\"SearchAction\",\"target\":{\"@type\":\"EntryPoint\",\"urlTemplate\":\"https:\/\/www.opticasantamaria.com\/en\/?s={search_term_string}\"},\"query-input\":{\"@type\":\"PropertyValueSpecification\",\"valueRequired\":true,\"valueName\":\"search_term_string\"}}],\"inLanguage\":\"en-US\"},{\"@type\":\"Organization\",\"@id\":\"https:\/\/www.opticasantamaria.com\/en\/#organization\",\"name\":\"\u00d2ptica Santa Maria\",\"url\":\"https:\/\/www.opticasantamaria.com\/en\/\",\"logo\":{\"@type\":\"ImageObject\",\"inLanguage\":\"en-US\",\"@id\":\"https:\/\/www.opticasantamaria.com\/en\/#\/schema\/logo\/image\/\",\"url\":\"https:\/\/www.opticasantamaria.com\/wp-content\/uploads\/2024\/03\/optica-santa-maria-mallorca-logo.webp\",\"contentUrl\":\"https:\/\/www.opticasantamaria.com\/wp-content\/uploads\/2024\/03\/optica-santa-maria-mallorca-logo.webp\",\"width\":696,\"height\":696,\"caption\":\"\u00d2ptica Santa Maria\"},\"image\":{\"@id\":\"https:\/\/www.opticasantamaria.com\/en\/#\/schema\/logo\/image\/\"},\"sameAs\":[\"https:\/\/www.facebook.com\/opticasantamaria-345258579849649\",\"https:\/\/www.instagram.com\/opticasantamaria\/\"]}]}<\/script>\n<!-- \/ Yoast SEO plugin. -->","yoast_head_json":{"title":"Sunglasses by Nina M\u00fbr | \u00d2ptica Santa Maria","description":"Nina M\u00fbr designs and produces each pair of sunglasses from scratch, one by one, in her workshop in Madrid, to offer the finest natural sunglasses.","robots":{"index":"index","follow":"follow","max-snippet":"max-snippet:-1","max-image-preview":"max-image-preview:large","max-video-preview":"max-video-preview:-1"},"canonical":"https:\/\/www.opticasantamaria.com\/en\/shop\/sunglasses-by-nina-mur\/","og_locale":"en_US","og_type":"article","og_title":"Sunglasses by Nina M\u00fbr | \u00d2ptica Santa Maria","og_description":"Nina M\u00fbr designs and produces each pair of sunglasses from scratch, one by one, in her workshop in Madrid, to offer the finest natural sunglasses.","og_url":"https:\/\/www.opticasantamaria.com\/en\/shop\/sunglasses-by-nina-mur\/","og_site_name":"\u00d2ptica Santa Maria","article_publisher":"https:\/\/www.facebook.com\/opticasantamaria-345258579849649","article_modified_time":"2025-03-12T09:38:19+00:00","og_image":[{"width":1667,"height":2500,"url":"https:\/\/www.opticasantamaria.com\/wp-content\/uploads\/2024\/05\/gafas-sol-nina-mur-optica-santa-maria.webp","type":"image\/webp"}],"twitter_card":"summary_large_image","twitter_misc":{"Est. reading time":"1 minute"},"schema":{"@context":"https:\/\/schema.org","@graph":[{"@type":"WebPage","@id":"https:\/\/www.opticasantamaria.com\/en\/shop\/sunglasses-by-nina-mur\/","url":"https:\/\/www.opticasantamaria.com\/en\/shop\/sunglasses-by-nina-mur\/","name":"Sunglasses by Nina M\u00fbr | \u00d2ptica Santa Maria","isPartOf":{"@id":"https:\/\/www.opticasantamaria.com\/en\/#website"},"primaryImageOfPage":{"@id":"https:\/\/www.opticasantamaria.com\/en\/shop\/sunglasses-by-nina-mur\/#primaryimage"},"image":{"@id":"https:\/\/www.opticasantamaria.com\/en\/shop\/sunglasses-by-nina-mur\/#primaryimage"},"thumbnailUrl":"https:\/\/www.opticasantamaria.com\/wp-content\/uploads\/2024\/05\/gafas-sol-nina-mur-optica-santa-maria.webp","datePublished":"2024-05-23T11:55:00+00:00","dateModified":"2025-03-12T09:38:19+00:00","description":"Nina M\u00fbr designs and produces each pair of sunglasses from scratch, one by one, in her workshop in Madrid, to offer the finest natural sunglasses.","breadcrumb":{"@id":"https:\/\/www.opticasantamaria.com\/en\/shop\/sunglasses-by-nina-mur\/#breadcrumb"},"inLanguage":"en-US","potentialAction":[{"@type":"ReadAction","target":["https:\/\/www.opticasantamaria.com\/en\/shop\/sunglasses-by-nina-mur\/"]}]},{"@type":"ImageObject","inLanguage":"en-US","@id":"https:\/\/www.opticasantamaria.com\/en\/shop\/sunglasses-by-nina-mur\/#primaryimage","url":"https:\/\/www.opticasantamaria.com\/wp-content\/uploads\/2024\/05\/gafas-sol-nina-mur-optica-santa-maria.webp","contentUrl":"https:\/\/www.opticasantamaria.com\/wp-content\/uploads\/2024\/05\/gafas-sol-nina-mur-optica-santa-maria.webp","width":1667,"height":2500,"caption":"Buy sunglasses - Nina M\u00fbr - Pale white - \u00d3ptica Santa Maria online shop"},{"@type":"BreadcrumbList","@id":"https:\/\/www.opticasantamaria.com\/en\/shop\/sunglasses-by-nina-mur\/#breadcrumb","itemListElement":[{"@type":"ListItem","position":1,"name":"Portada","item":"https:\/\/www.opticasantamaria.com\/en\/optica-santa-maria\/"},{"@type":"ListItem","position":2,"name":"Shop","item":"https:\/\/www.opticasantamaria.com\/en\/shop\/"},{"@type":"ListItem","position":3,"name":"Sunglasses by Nina M\u00fbr"}]},{"@type":"WebSite","@id":"https:\/\/www.opticasantamaria.com\/en\/#website","url":"https:\/\/www.opticasantamaria.com\/en\/","name":"\u00d2ptica Santa Maria","description":"Somos de otra pasta","publisher":{"@id":"https:\/\/www.opticasantamaria.com\/en\/#organization"},"potentialAction":[{"@type":"SearchAction","target":{"@type":"EntryPoint","urlTemplate":"https:\/\/www.opticasantamaria.com\/en\/?s={search_term_string}"},"query-input":{"@type":"PropertyValueSpecification","valueRequired":true,"valueName":"search_term_string"}}],"inLanguage":"en-US"},{"@type":"Organization","@id":"https:\/\/www.opticasantamaria.com\/en\/#organization","name":"\u00d2ptica Santa Maria","url":"https:\/\/www.opticasantamaria.com\/en\/","logo":{"@type":"ImageObject","inLanguage":"en-US","@id":"https:\/\/www.opticasantamaria.com\/en\/#\/schema\/logo\/image\/","url":"https:\/\/www.opticasantamaria.com\/wp-content\/uploads\/2024\/03\/optica-santa-maria-mallorca-logo.webp","contentUrl":"https:\/\/www.opticasantamaria.com\/wp-content\/uploads\/2024\/03\/optica-santa-maria-mallorca-logo.webp","width":696,"height":696,"caption":"\u00d2ptica Santa Maria"},"image":{"@id":"https:\/\/www.opticasantamaria.com\/en\/#\/schema\/logo\/image\/"},"sameAs":["https:\/\/www.facebook.com\/opticasantamaria-345258579849649","https:\/\/www.instagram.com\/opticasantamaria\/"]}]}},"_links":{"self":[{"href":"https:\/\/www.opticasantamaria.com\/en\/wp-json\/wp\/v2\/product\/708","targetHints":{"allow":["GET"]}}],"collection":[{"href":"https:\/\/www.opticasantamaria.com\/en\/wp-json\/wp\/v2\/product"}],"about":[{"href":"https:\/\/www.opticasantamaria.com\/en\/wp-json\/wp\/v2\/types\/product"}],"wp:featuredmedia":[{"embeddable":true,"href":"https:\/\/www.opticasantamaria.com\/en\/wp-json\/wp\/v2\/media\/682"}],"wp:attachment":[{"href":"https:\/\/www.opticasantamaria.com\/en\/wp-json\/wp\/v2\/media?parent=708"}],"wp:term":[{"taxonomy":"product_brand","embeddable":true,"href":"https:\/\/www.opticasantamaria.com\/en\/wp-json\/wp\/v2\/product_brand?post=708"},{"taxonomy":"product_cat","embeddable":true,"href":"https:\/\/www.opticasantamaria.com\/en\/wp-json\/wp\/v2\/product_cat?post=708"},{"taxonomy":"product_tag","embeddable":true,"href":"https:\/\/www.opticasantamaria.com\/en\/wp-json\/wp\/v2\/product_tag?post=708"}],"curies":[{"name":"wp","href":"https:\/\/api.w.org\/{rel}","templated":true}]}}