{"id":593,"date":"2024-04-16T13:57:06","date_gmt":"2024-04-16T11:57:06","guid":{"rendered":"https:\/\/nueva.opticasantamaria.com\/contacto\/"},"modified":"2025-07-25T11:20:30","modified_gmt":"2025-07-25T09:20:30","slug":"contact","status":"publish","type":"page","link":"https:\/\/www.opticasantamaria.com\/en\/contact\/","title":{"rendered":"Contact"},"content":{"rendered":"<p>[et_pb_section fb_built=&#8221;1&#8243; _builder_version=&#8221;4.24.3&#8243; _module_preset=&#8221;default&#8221; global_colors_info=&#8221;{}&#8221;][et_pb_row column_structure=&#8221;1_2,1_2&#8243; module_class=&#8221;row-hero&#8221; _builder_version=&#8221;4.24.3&#8243; _module_preset=&#8221;default&#8221; global_colors_info=&#8221;{}&#8221;][et_pb_column type=&#8221;1_2&#8243; _builder_version=&#8221;4.24.3&#8243; _module_preset=&#8221;default&#8221; global_colors_info=&#8221;{}&#8221;][et_pb_text module_class=&#8221;contact-text&#8221; _builder_version=&#8221;4.27.4&#8243; _module_preset=&#8221;default&#8221; global_colors_info=&#8221;{}&#8221;]<\/p>\n<h1>Contact<\/h1>\n<p>We are there for you every step of the way. If you have any questions, comments or need personalised assistance, please contact us, our team at <a href=\"https:\/\/www.opticasantamaria.com\/en\/about-us\/\">\u00d2ptica Santa Maria<\/a> is ready to help you with whatever you need.<\/p>\n<h2 class=\"h3\">\u00d2ptica Santa Maria<\/h2>\n<p><a href=\"https:\/\/maps.app.goo.gl\/C3bVN6qYGaNznXbe7\" target=\"_blank\" rel=\"noopener\">Pla\u00e7a Hostals, 9<br \/>07320. Santa Maria del Cam\u00ed<br \/>Mallorca (Illes Balears)<\/a><\/p>\n<p><a href=\"tel:+34971140046\">971 140 046<\/a><br \/><a href=\"https:\/\/wa.me\/34608857355?text=%C2%A1Hola%20\u00d2ptica%20Santa%20Maria%21\" target=\"_blank\" rel=\"noopener\">608 857 355<\/a><\/p>\n<p><a href=\"mailto:info@opticasantamaria.com\">info@opticasantamaria.com<\/a><\/p>\n<ul id=\"contact-list\">\n<li class=\"social-links\"><a href=\"https:\/\/www.instagram.com\/opticasantamaria\/\" target=\"_blank\" rel=\"noopener noreferrer\">IG<\/a><a href=\"https:\/\/www.facebook.com\/opticasantamaria-345258579849649\" target=\"_blank\" rel=\"noopener noreferrer\">FB<\/a><\/li>\n<\/ul>\n<p>&nbsp;<\/p>\n<h2 class=\"h3\">\u00d3ptica Santa Maria Boutique<\/h2>\n<p><a href=\"https:\/\/maps.app.goo.gl\/QP9c44TvFPGuLp2M6\" target=\"_blank\" rel=\"noopener\">C\/ Jaume de Santac\u00edlia, 2<br \/>07012. Palma<br \/>Mallorca (Illes Balears)<\/a><\/p>\n<p><a href=\"tel:+34971417528\">971 417 528<\/a><br \/><a href=\"https:\/\/wa.me\/34682554108?text=%C2%A1Hola%20\u00d3ptica%20Santa%20Maria%20Boutique%21\" target=\"_blank\" rel=\"noopener\">682 554 108<\/a><\/p>\n<p><a href=\"mailto:info@opticasantamaria.com\">info@opticasantamaria.com<\/a><\/p>\n<ul id=\"contact-list\">\n<li class=\"social-links\"><a href=\"https:\/\/www.instagram.com\/opticasantamariaboutique\/\" target=\"_blank\" rel=\"noopener noreferrer\">IG<\/a><a href=\"https:\/\/www.facebook.com\/people\/%C3%93ptica-Santa-Maria-Boutique\/61576619581405\/\" target=\"_blank\" rel=\"noopener noreferrer\">FB<\/a><\/li>\n<\/ul>\n<p>[\/et_pb_text][et_pb_toggle title=&#8221;Would you like to make an appointment?&#8221; module_class=&#8221;contact-toggle&#8221; _builder_version=&#8221;4.27.0&#8243; _module_preset=&#8221;default&#8221; title_level=&#8221;h2&#8243; locked=&#8221;off&#8221; global_colors_info=&#8221;{}&#8221;]<\/p>\n<p>Send us a message if you need to make an appointment for an eye exam, contact lens or audiology test in English.<br \/>And if you have any questions, don\u2019t hesitate to ask. We\u2019re here to help.<\/p>\n[et_pb_section global_module=\"825\"][\/et_pb_section]\n<p>[\/et_pb_toggle][\/et_pb_column][et_pb_column type=&#8221;1_2&#8243; _builder_version=&#8221;4.24.3&#8243; _module_preset=&#8221;default&#8221; global_colors_info=&#8221;{}&#8221;][et_pb_image src=&#8221;https:\/\/www.opticasantamaria.com\/wp-content\/uploads\/2025\/07\/ubicaciones-optica-santa-maria-mallorca.webp&#8221; alt=&#8221;Locations \u00d2ptica Santa Maria &#8211; Mallorca&#8221; title_text=&#8221;Locations \u00d2ptica Santa Maria&#8221; url=&#8221;https:\/\/maps.app.goo.gl\/C3bVN6qYGaNznXbe7&#8243; url_new_window=&#8221;on&#8221; _builder_version=&#8221;4.27.4&#8243; _module_preset=&#8221;default&#8221; hover_enabled=&#8221;0&#8243; global_colors_info=&#8221;{}&#8221; sticky_enabled=&#8221;0&#8243;][\/et_pb_image][\/et_pb_column][\/et_pb_row][\/et_pb_section]<\/p>\n","protected":false},"excerpt":{"rendered":"<p>Contact We are there for you every step of the way. If you have any questions, comments or need personalised assistance, please contact us, our team at \u00d2ptica Santa Maria is ready to help you with whatever you need. \u00d2ptica Santa Maria Pla\u00e7a Hostals, 907320. Santa Maria del Cam\u00edMallorca (Illes Balears) 971 140 046608 857 [&hellip;]<\/p>\n","protected":false},"author":1,"featured_media":0,"parent":0,"menu_order":0,"comment_status":"closed","ping_status":"closed","template":"","meta":{"_et_pb_use_builder":"on","_et_pb_old_content":"","_et_gb_content_width":"","footnotes":""},"class_list":["post-593","page","type-page","status-publish","hentry"],"yoast_head":"<!-- This site is optimized with the Yoast SEO plugin v27.2 - https:\/\/yoast.com\/product\/yoast-seo-wordpress\/ -->\n<title>Contact | \u00d2ptica Santa Maria<\/title>\n<meta name=\"description\" content=\"We are there for you every step of the way. If you have any questions or require personal assistance, please contact us.\" \/>\n<meta name=\"robots\" content=\"index, follow, max-snippet:-1, max-image-preview:large, max-video-preview:-1\" \/>\n<link rel=\"canonical\" href=\"https:\/\/www.opticasantamaria.com\/en\/contact\/\" \/>\n<meta property=\"og:locale\" content=\"en_US\" \/>\n<meta property=\"og:type\" content=\"article\" \/>\n<meta property=\"og:title\" content=\"Contact | \u00d2ptica Santa Maria\" \/>\n<meta property=\"og:description\" content=\"We are there for you every step of the way. If you have any questions or require personal assistance, please contact us.\" \/>\n<meta property=\"og:url\" content=\"https:\/\/www.opticasantamaria.com\/en\/contact\/\" \/>\n<meta property=\"og:site_name\" content=\"\u00d2ptica Santa Maria\" \/>\n<meta property=\"article:publisher\" content=\"https:\/\/www.facebook.com\/opticasantamaria-345258579849649\" \/>\n<meta property=\"article:modified_time\" content=\"2025-07-25T09:20:30+00:00\" \/>\n<meta property=\"og:image\" content=\"https:\/\/www.opticasantamaria.com\/wp-content\/uploads\/2024\/03\/optica-santa-maria-mallorca.webp\" \/>\n\t<meta property=\"og:image:width\" content=\"1200\" \/>\n\t<meta property=\"og:image:height\" content=\"675\" \/>\n\t<meta property=\"og:image:type\" content=\"image\/webp\" \/>\n<meta name=\"twitter:card\" content=\"summary_large_image\" \/>\n<meta name=\"twitter:label1\" content=\"Est. reading time\" \/>\n\t<meta name=\"twitter:data1\" content=\"2 minutes\" \/>\n<script type=\"application\/ld+json\" class=\"yoast-schema-graph\">{\"@context\":\"https:\/\/schema.org\",\"@graph\":[{\"@type\":[\"WebPage\",\"ContactPage\"],\"@id\":\"https:\/\/www.opticasantamaria.com\/en\/contact\/\",\"url\":\"https:\/\/www.opticasantamaria.com\/en\/contact\/\",\"name\":\"Contact | \u00d2ptica Santa Maria\",\"isPartOf\":{\"@id\":\"https:\/\/www.opticasantamaria.com\/en\/#website\"},\"datePublished\":\"2024-04-16T11:57:06+00:00\",\"dateModified\":\"2025-07-25T09:20:30+00:00\",\"description\":\"We are there for you every step of the way. If you have any questions or require personal assistance, please contact us.\",\"breadcrumb\":{\"@id\":\"https:\/\/www.opticasantamaria.com\/en\/contact\/#breadcrumb\"},\"inLanguage\":\"en-US\",\"potentialAction\":[{\"@type\":\"ReadAction\",\"target\":[\"https:\/\/www.opticasantamaria.com\/en\/contact\/\"]}]},{\"@type\":\"BreadcrumbList\",\"@id\":\"https:\/\/www.opticasantamaria.com\/en\/contact\/#breadcrumb\",\"itemListElement\":[{\"@type\":\"ListItem\",\"position\":1,\"name\":\"Portada\",\"item\":\"https:\/\/www.opticasantamaria.com\/en\/optica-santa-maria\/\"},{\"@type\":\"ListItem\",\"position\":2,\"name\":\"Contact\"}]},{\"@type\":\"WebSite\",\"@id\":\"https:\/\/www.opticasantamaria.com\/en\/#website\",\"url\":\"https:\/\/www.opticasantamaria.com\/en\/\",\"name\":\"\u00d2ptica Santa Maria\",\"description\":\"Somos de otra pasta\",\"publisher\":{\"@id\":\"https:\/\/www.opticasantamaria.com\/en\/#organization\"},\"potentialAction\":[{\"@type\":\"SearchAction\",\"target\":{\"@type\":\"EntryPoint\",\"urlTemplate\":\"https:\/\/www.opticasantamaria.com\/en\/?s={search_term_string}\"},\"query-input\":{\"@type\":\"PropertyValueSpecification\",\"valueRequired\":true,\"valueName\":\"search_term_string\"}}],\"inLanguage\":\"en-US\"},{\"@type\":\"Organization\",\"@id\":\"https:\/\/www.opticasantamaria.com\/en\/#organization\",\"name\":\"\u00d2ptica Santa Maria\",\"url\":\"https:\/\/www.opticasantamaria.com\/en\/\",\"logo\":{\"@type\":\"ImageObject\",\"inLanguage\":\"en-US\",\"@id\":\"https:\/\/www.opticasantamaria.com\/en\/#\/schema\/logo\/image\/\",\"url\":\"https:\/\/www.opticasantamaria.com\/wp-content\/uploads\/2024\/03\/optica-santa-maria-mallorca-logo.webp\",\"contentUrl\":\"https:\/\/www.opticasantamaria.com\/wp-content\/uploads\/2024\/03\/optica-santa-maria-mallorca-logo.webp\",\"width\":696,\"height\":696,\"caption\":\"\u00d2ptica Santa Maria\"},\"image\":{\"@id\":\"https:\/\/www.opticasantamaria.com\/en\/#\/schema\/logo\/image\/\"},\"sameAs\":[\"https:\/\/www.facebook.com\/opticasantamaria-345258579849649\",\"https:\/\/www.instagram.com\/opticasantamaria\/\"]}]}<\/script>\n<!-- \/ Yoast SEO plugin. -->","yoast_head_json":{"title":"Contact | \u00d2ptica Santa Maria","description":"We are there for you every step of the way. If you have any questions or require personal assistance, please contact us.","robots":{"index":"index","follow":"follow","max-snippet":"max-snippet:-1","max-image-preview":"max-image-preview:large","max-video-preview":"max-video-preview:-1"},"canonical":"https:\/\/www.opticasantamaria.com\/en\/contact\/","og_locale":"en_US","og_type":"article","og_title":"Contact | \u00d2ptica Santa Maria","og_description":"We are there for you every step of the way. If you have any questions or require personal assistance, please contact us.","og_url":"https:\/\/www.opticasantamaria.com\/en\/contact\/","og_site_name":"\u00d2ptica Santa Maria","article_publisher":"https:\/\/www.facebook.com\/opticasantamaria-345258579849649","article_modified_time":"2025-07-25T09:20:30+00:00","og_image":[{"width":1200,"height":675,"url":"https:\/\/www.opticasantamaria.com\/wp-content\/uploads\/2024\/03\/optica-santa-maria-mallorca.webp","type":"image\/webp"}],"twitter_card":"summary_large_image","twitter_misc":{"Est. reading time":"2 minutes"},"schema":{"@context":"https:\/\/schema.org","@graph":[{"@type":["WebPage","ContactPage"],"@id":"https:\/\/www.opticasantamaria.com\/en\/contact\/","url":"https:\/\/www.opticasantamaria.com\/en\/contact\/","name":"Contact | \u00d2ptica Santa Maria","isPartOf":{"@id":"https:\/\/www.opticasantamaria.com\/en\/#website"},"datePublished":"2024-04-16T11:57:06+00:00","dateModified":"2025-07-25T09:20:30+00:00","description":"We are there for you every step of the way. If you have any questions or require personal assistance, please contact us.","breadcrumb":{"@id":"https:\/\/www.opticasantamaria.com\/en\/contact\/#breadcrumb"},"inLanguage":"en-US","potentialAction":[{"@type":"ReadAction","target":["https:\/\/www.opticasantamaria.com\/en\/contact\/"]}]},{"@type":"BreadcrumbList","@id":"https:\/\/www.opticasantamaria.com\/en\/contact\/#breadcrumb","itemListElement":[{"@type":"ListItem","position":1,"name":"Portada","item":"https:\/\/www.opticasantamaria.com\/en\/optica-santa-maria\/"},{"@type":"ListItem","position":2,"name":"Contact"}]},{"@type":"WebSite","@id":"https:\/\/www.opticasantamaria.com\/en\/#website","url":"https:\/\/www.opticasantamaria.com\/en\/","name":"\u00d2ptica Santa Maria","description":"Somos de otra pasta","publisher":{"@id":"https:\/\/www.opticasantamaria.com\/en\/#organization"},"potentialAction":[{"@type":"SearchAction","target":{"@type":"EntryPoint","urlTemplate":"https:\/\/www.opticasantamaria.com\/en\/?s={search_term_string}"},"query-input":{"@type":"PropertyValueSpecification","valueRequired":true,"valueName":"search_term_string"}}],"inLanguage":"en-US"},{"@type":"Organization","@id":"https:\/\/www.opticasantamaria.com\/en\/#organization","name":"\u00d2ptica Santa Maria","url":"https:\/\/www.opticasantamaria.com\/en\/","logo":{"@type":"ImageObject","inLanguage":"en-US","@id":"https:\/\/www.opticasantamaria.com\/en\/#\/schema\/logo\/image\/","url":"https:\/\/www.opticasantamaria.com\/wp-content\/uploads\/2024\/03\/optica-santa-maria-mallorca-logo.webp","contentUrl":"https:\/\/www.opticasantamaria.com\/wp-content\/uploads\/2024\/03\/optica-santa-maria-mallorca-logo.webp","width":696,"height":696,"caption":"\u00d2ptica Santa Maria"},"image":{"@id":"https:\/\/www.opticasantamaria.com\/en\/#\/schema\/logo\/image\/"},"sameAs":["https:\/\/www.facebook.com\/opticasantamaria-345258579849649","https:\/\/www.instagram.com\/opticasantamaria\/"]}]}},"_links":{"self":[{"href":"https:\/\/www.opticasantamaria.com\/en\/wp-json\/wp\/v2\/pages\/593","targetHints":{"allow":["GET"]}}],"collection":[{"href":"https:\/\/www.opticasantamaria.com\/en\/wp-json\/wp\/v2\/pages"}],"about":[{"href":"https:\/\/www.opticasantamaria.com\/en\/wp-json\/wp\/v2\/types\/page"}],"author":[{"embeddable":true,"href":"https:\/\/www.opticasantamaria.com\/en\/wp-json\/wp\/v2\/users\/1"}],"replies":[{"embeddable":true,"href":"https:\/\/www.opticasantamaria.com\/en\/wp-json\/wp\/v2\/comments?post=593"}],"version-history":[{"count":5,"href":"https:\/\/www.opticasantamaria.com\/en\/wp-json\/wp\/v2\/pages\/593\/revisions"}],"predecessor-version":[{"id":971,"href":"https:\/\/www.opticasantamaria.com\/en\/wp-json\/wp\/v2\/pages\/593\/revisions\/971"}],"wp:attachment":[{"href":"https:\/\/www.opticasantamaria.com\/en\/wp-json\/wp\/v2\/media?parent=593"}],"curies":[{"name":"wp","href":"https:\/\/api.w.org\/{rel}","templated":true}]}}