{"id":589,"date":"2024-04-15T12:24:35","date_gmt":"2024-04-15T10:24:35","guid":{"rendered":"https:\/\/nueva.opticasantamaria.com\/conocenos\/"},"modified":"2024-05-13T10:41:04","modified_gmt":"2024-05-13T08:41:04","slug":"about-us","status":"publish","type":"page","link":"https:\/\/www.opticasantamaria.com\/en\/about-us\/","title":{"rendered":"About us"},"content":{"rendered":"<p>[et_pb_section fb_built=&#8221;1&#8243; module_class=&#8221;border-bottom&#8221; _builder_version=&#8221;4.25.0&#8243; _module_preset=&#8221;default&#8221; custom_padding=&#8221;||||false|false&#8221; locked=&#8221;off&#8221; global_colors_info=&#8221;{}&#8221;][et_pb_row column_structure=&#8221;1_2,1_2&#8243; module_class=&#8221;row-hero&#8221; _builder_version=&#8221;4.24.3&#8243; _module_preset=&#8221;default&#8221; global_colors_info=&#8221;{}&#8221;][et_pb_column type=&#8221;1_2&#8243; _builder_version=&#8221;4.24.2&#8243; _module_preset=&#8221;default&#8221; global_colors_info=&#8221;{}&#8221;][et_pb_image src=&#8221;https:\/\/www.opticasantamaria.com\/wp-content\/uploads\/2024\/04\/conocenos-optica-santa-maria-mallorca.webp&#8221; alt=&#8221;About us &#8211; \u00d2ptica Santa Maria &#8211; Mallorca&#8221; title_text=&#8221;Vannesa L\u00f3pez y Jos\u00e9 Plasencia&#8221; _builder_version=&#8221;4.24.3&#8243; _module_preset=&#8221;default&#8221; animation_direction=&#8221;bottom&#8221; sticky_position=&#8221;top&#8221; sticky_limit_bottom=&#8221;section&#8221; sticky_position_tablet=&#8221;none&#8221; sticky_position_phone=&#8221;none&#8221; sticky_position_last_edited=&#8221;on|tablet&#8221; global_colors_info=&#8221;{}&#8221;][\/et_pb_image][\/et_pb_column][et_pb_column type=&#8221;1_2&#8243; _builder_version=&#8221;4.24.2&#8243; _module_preset=&#8221;default&#8221; global_colors_info=&#8221;{}&#8221;][et_pb_text admin_label=&#8221;Con\u00f3cenos&#8221; _builder_version=&#8221;4.25.0&#8243; _module_preset=&#8221;default&#8221; global_colors_info=&#8221;{}&#8221;]<\/p>\n<h1>About us<\/h1>\n<p>At \u00d2ptica Santa Maria, we believe that vision is a treasure that deserves the most careful attention. That&#8217;s why we combine a passion for quality with a constant search for the latest trends in frames and lenses, guaranteeing our customers clear vision and impeccable style.<\/p>\n<p>[\/et_pb_text][et_pb_text admin_label=&#8221;Vannesa&#8221; module_class=&#8221;text-about&#8221; _builder_version=&#8221;4.25.0&#8243; _module_preset=&#8221;default&#8221; global_colors_info=&#8221;{}&#8221;]<\/p>\n<h2 class=\"h3\">Vannesa L\u00f3pez<\/h2>\n<p class=\"text-red\">The <em>madamme<\/em> of the place<\/p>\n<p>Vannesa has been an Optical Assistant and Shop Manager since 2009.<\/p>\n<p>Her exquisite and pioneering taste is reflected in our look, as she is responsible for choosing and selecting all the brands and models that best represent us.<\/p>\n<p>\u00d3ptica Santa Maria is made with love and attention to detail.[\/et_pb_text][et_pb_text admin_label=&#8221;Jos\u00e9&#8221; module_class=&#8221;text-about&#8221; _builder_version=&#8221;4.25.0&#8243; _module_preset=&#8221;default&#8221; global_colors_info=&#8221;{}&#8221;]<\/p>\n<h2 class=\"h3\">Jos\u00e9 Plasencia<\/h2>\n<p class=\"text-red\">The <em>apple<\/em> of the team&#8217;s eye<\/p>\n<p>Jos\u00e9 is our optometrist and graduated from the Polytechnic University of Catalonia (UPC) in 2006.<\/p>\n<p>He is responsible for optometry, contact lenses and looking after your vision so that you can see us with clear eyes.<\/p>\n<p>[\/et_pb_text][\/et_pb_column][\/et_pb_row][\/et_pb_section][et_pb_section fb_built=&#8221;1&#8243; module_class=&#8221;border-bottom&#8221; _builder_version=&#8221;4.25.0&#8243; _module_preset=&#8221;default&#8221; global_colors_info=&#8221;{}&#8221;][et_pb_row column_structure=&#8221;1_2,1_2&#8243; make_equal=&#8221;on&#8221; module_class=&#8221;row-hero-centered&#8221; _builder_version=&#8221;4.25.0&#8243; _module_preset=&#8221;default&#8221; global_colors_info=&#8221;{}&#8221;][et_pb_column type=&#8221;1_2&#8243; _builder_version=&#8221;4.25.0&#8243; _module_preset=&#8221;default&#8221; global_colors_info=&#8221;{}&#8221;][et_pb_text admin_label=&#8221;Servicios&#8221; _builder_version=&#8221;4.25.1&#8243; _module_preset=&#8221;default&#8221; custom_padding=&#8221;110px||||false|false&#8221; scroll_vertical_motion_enable=&#8221;on&#8221; scroll_vertical_motion=&#8221;0|50|50|100|1|0|-1&#8243; hover_enabled=&#8221;0&#8243; global_colors_info=&#8221;{}&#8221; sticky_enabled=&#8221;0&#8243;]<\/p>\n<h3 class=\"subtitle\">\u00d2ptica Santa Maria Services<\/h3>\n<ul class=\"list-services\">\n<li><a href=\"https:\/\/www.opticasantamaria.com\/en\/services\/#optometry\">Optometry<\/a><\/li>\n<li><a href=\"https:\/\/www.opticasantamaria.com\/en\/services\/#contactology\">Contactology<\/a><\/li>\n<li><a href=\"https:\/\/www.opticasantamaria.com\/en\/services\/#eye-health\">Eye health<\/a><\/li>\n<li><a href=\"https:\/\/www.opticasantamaria.com\/en\/services\/#audiology\">Audiology<\/a><\/li>\n<\/ul>\n<p>[\/et_pb_text][\/et_pb_column][et_pb_column type=&#8221;1_2&#8243; _builder_version=&#8221;4.25.0&#8243; _module_preset=&#8221;default&#8221; global_colors_info=&#8221;{}&#8221;][et_pb_image src=&#8221;https:\/\/www.opticasantamaria.com\/wp-content\/uploads\/2024\/04\/optica-mallorca-gafas-optometria.webp&#8221; alt=&#8221;Services &#8211; \u00d2ptica Santa Maria Mallorca&#8221; title_text=&#8221;Our shop&#8221; align=&#8221;center&#8221; _builder_version=&#8221;4.25.0&#8243; _module_preset=&#8221;default&#8221; global_colors_info=&#8221;{}&#8221;][\/et_pb_image][\/et_pb_column][\/et_pb_row][\/et_pb_section][et_pb_section fb_built=&#8221;1&#8243; admin_label=&#8221;Secci\u00f3n&#8221; module_class=&#8221;section-testimonial&#8221; _builder_version=&#8221;4.24.3&#8243; _module_preset=&#8221;default&#8221; custom_padding=&#8221;||0px||false|false&#8221; sticky_limit_bottom=&#8221;body&#8221; locked=&#8221;off&#8221; global_colors_info=&#8221;{}&#8221;][et_pb_row module_class=&#8221;row-small&#8221; _builder_version=&#8221;4.24.3&#8243; _module_preset=&#8221;default&#8221; global_colors_info=&#8221;{}&#8221;][et_pb_column type=&#8221;4_4&#8243; _builder_version=&#8221;4.24.2&#8243; _module_preset=&#8221;default&#8221; global_colors_info=&#8221;{}&#8221;][et_pb_text admin_label=&#8221;Testimonio&#8221; _builder_version=&#8221;4.24.3&#8243; _module_preset=&#8221;default&#8221; text_orientation=&#8221;center&#8221; animation_direction=&#8221;bottom&#8221; global_colors_info=&#8221;{}&#8221;]<\/p>\n<p class=\"large-text\">&#8220;A pleasure to visit this shop. Great variety of glasses, great professionalism and friendliness of Vannesa and Jos\u00e9. We have been their customers for a few years now and we recommend going there. You are sure to find a suitable pair of glasses. They are also very quick. They work with good materials and different types of lenses. I&#8217;m sure you&#8217;ll like it.&#8221;<\/p>\n<p><strong>Benet D.<\/strong><\/p>\n<p>[\/et_pb_text][\/et_pb_column][\/et_pb_row][\/et_pb_section]<\/p>\n","protected":false},"excerpt":{"rendered":"<p>About us At \u00d2ptica Santa Maria, we believe that vision is a treasure that deserves the most careful attention. That&#8217;s why we combine a passion for quality with a constant search for the latest trends in frames and lenses, guaranteeing our customers clear vision and impeccable style.Vannesa L\u00f3pez The madamme of the place Vannesa has [&hellip;]<\/p>\n","protected":false},"author":1,"featured_media":0,"parent":0,"menu_order":0,"comment_status":"closed","ping_status":"closed","template":"","meta":{"_et_pb_use_builder":"on","_et_pb_old_content":"","_et_gb_content_width":"","footnotes":""},"class_list":["post-589","page","type-page","status-publish","hentry"],"yoast_head":"<!-- This site is optimized with the Yoast SEO plugin v27.2 - https:\/\/yoast.com\/product\/yoast-seo-wordpress\/ -->\n<title>About us | \u00d3ptica Santa Maria<\/title>\n<meta name=\"description\" content=\"At Optica Santa Maria, we believe that sight is a treasure. That&#039;s why we combine quality with the search for the latest trends.\" \/>\n<meta name=\"robots\" content=\"index, follow, max-snippet:-1, max-image-preview:large, max-video-preview:-1\" \/>\n<link rel=\"canonical\" href=\"https:\/\/www.opticasantamaria.com\/en\/about-us\/\" \/>\n<meta property=\"og:locale\" content=\"en_US\" \/>\n<meta property=\"og:type\" content=\"article\" \/>\n<meta property=\"og:title\" content=\"About us | \u00d3ptica Santa Maria\" \/>\n<meta property=\"og:description\" content=\"At Optica Santa Maria, we believe that sight is a treasure. That&#039;s why we combine quality with the search for the latest trends.\" \/>\n<meta property=\"og:url\" content=\"https:\/\/www.opticasantamaria.com\/en\/about-us\/\" \/>\n<meta property=\"og:site_name\" content=\"\u00d2ptica Santa Maria\" \/>\n<meta property=\"article:publisher\" content=\"https:\/\/www.facebook.com\/opticasantamaria-345258579849649\" \/>\n<meta property=\"article:modified_time\" content=\"2024-05-13T08:41:04+00:00\" \/>\n<meta property=\"og:image\" content=\"https:\/\/www.opticasantamaria.com\/wp-content\/uploads\/2024\/03\/optica-santa-maria-mallorca.webp\" \/>\n\t<meta property=\"og:image:width\" content=\"1200\" \/>\n\t<meta property=\"og:image:height\" content=\"675\" \/>\n\t<meta property=\"og:image:type\" content=\"image\/webp\" \/>\n<meta name=\"twitter:card\" content=\"summary_large_image\" \/>\n<meta name=\"twitter:label1\" content=\"Est. reading time\" \/>\n\t<meta name=\"twitter:data1\" content=\"2 minutes\" \/>\n<script type=\"application\/ld+json\" class=\"yoast-schema-graph\">{\"@context\":\"https:\/\/schema.org\",\"@graph\":[{\"@type\":[\"WebPage\",\"AboutPage\"],\"@id\":\"https:\/\/www.opticasantamaria.com\/en\/about-us\/\",\"url\":\"https:\/\/www.opticasantamaria.com\/en\/about-us\/\",\"name\":\"About us | \u00d3ptica Santa Maria\",\"isPartOf\":{\"@id\":\"https:\/\/www.opticasantamaria.com\/en\/#website\"},\"datePublished\":\"2024-04-15T10:24:35+00:00\",\"dateModified\":\"2024-05-13T08:41:04+00:00\",\"description\":\"At Optica Santa Maria, we believe that sight is a treasure. That's why we combine quality with the search for the latest trends.\",\"breadcrumb\":{\"@id\":\"https:\/\/www.opticasantamaria.com\/en\/about-us\/#breadcrumb\"},\"inLanguage\":\"en-US\",\"potentialAction\":[{\"@type\":\"ReadAction\",\"target\":[\"https:\/\/www.opticasantamaria.com\/en\/about-us\/\"]}]},{\"@type\":\"BreadcrumbList\",\"@id\":\"https:\/\/www.opticasantamaria.com\/en\/about-us\/#breadcrumb\",\"itemListElement\":[{\"@type\":\"ListItem\",\"position\":1,\"name\":\"Portada\",\"item\":\"https:\/\/www.opticasantamaria.com\/en\/optica-santa-maria\/\"},{\"@type\":\"ListItem\",\"position\":2,\"name\":\"About us\"}]},{\"@type\":\"WebSite\",\"@id\":\"https:\/\/www.opticasantamaria.com\/en\/#website\",\"url\":\"https:\/\/www.opticasantamaria.com\/en\/\",\"name\":\"\u00d2ptica Santa Maria\",\"description\":\"Somos de otra pasta\",\"publisher\":{\"@id\":\"https:\/\/www.opticasantamaria.com\/en\/#organization\"},\"potentialAction\":[{\"@type\":\"SearchAction\",\"target\":{\"@type\":\"EntryPoint\",\"urlTemplate\":\"https:\/\/www.opticasantamaria.com\/en\/?s={search_term_string}\"},\"query-input\":{\"@type\":\"PropertyValueSpecification\",\"valueRequired\":true,\"valueName\":\"search_term_string\"}}],\"inLanguage\":\"en-US\"},{\"@type\":\"Organization\",\"@id\":\"https:\/\/www.opticasantamaria.com\/en\/#organization\",\"name\":\"\u00d2ptica Santa Maria\",\"url\":\"https:\/\/www.opticasantamaria.com\/en\/\",\"logo\":{\"@type\":\"ImageObject\",\"inLanguage\":\"en-US\",\"@id\":\"https:\/\/www.opticasantamaria.com\/en\/#\/schema\/logo\/image\/\",\"url\":\"https:\/\/www.opticasantamaria.com\/wp-content\/uploads\/2024\/03\/optica-santa-maria-mallorca-logo.webp\",\"contentUrl\":\"https:\/\/www.opticasantamaria.com\/wp-content\/uploads\/2024\/03\/optica-santa-maria-mallorca-logo.webp\",\"width\":696,\"height\":696,\"caption\":\"\u00d2ptica Santa Maria\"},\"image\":{\"@id\":\"https:\/\/www.opticasantamaria.com\/en\/#\/schema\/logo\/image\/\"},\"sameAs\":[\"https:\/\/www.facebook.com\/opticasantamaria-345258579849649\",\"https:\/\/www.instagram.com\/opticasantamaria\/\"]}]}<\/script>\n<!-- \/ Yoast SEO plugin. -->","yoast_head_json":{"title":"About us | \u00d3ptica Santa Maria","description":"At Optica Santa Maria, we believe that sight is a treasure. That's why we combine quality with the search for the latest trends.","robots":{"index":"index","follow":"follow","max-snippet":"max-snippet:-1","max-image-preview":"max-image-preview:large","max-video-preview":"max-video-preview:-1"},"canonical":"https:\/\/www.opticasantamaria.com\/en\/about-us\/","og_locale":"en_US","og_type":"article","og_title":"About us | \u00d3ptica Santa Maria","og_description":"At Optica Santa Maria, we believe that sight is a treasure. That's why we combine quality with the search for the latest trends.","og_url":"https:\/\/www.opticasantamaria.com\/en\/about-us\/","og_site_name":"\u00d2ptica Santa Maria","article_publisher":"https:\/\/www.facebook.com\/opticasantamaria-345258579849649","article_modified_time":"2024-05-13T08:41:04+00:00","og_image":[{"width":1200,"height":675,"url":"https:\/\/www.opticasantamaria.com\/wp-content\/uploads\/2024\/03\/optica-santa-maria-mallorca.webp","type":"image\/webp"}],"twitter_card":"summary_large_image","twitter_misc":{"Est. reading time":"2 minutes"},"schema":{"@context":"https:\/\/schema.org","@graph":[{"@type":["WebPage","AboutPage"],"@id":"https:\/\/www.opticasantamaria.com\/en\/about-us\/","url":"https:\/\/www.opticasantamaria.com\/en\/about-us\/","name":"About us | \u00d3ptica Santa Maria","isPartOf":{"@id":"https:\/\/www.opticasantamaria.com\/en\/#website"},"datePublished":"2024-04-15T10:24:35+00:00","dateModified":"2024-05-13T08:41:04+00:00","description":"At Optica Santa Maria, we believe that sight is a treasure. That's why we combine quality with the search for the latest trends.","breadcrumb":{"@id":"https:\/\/www.opticasantamaria.com\/en\/about-us\/#breadcrumb"},"inLanguage":"en-US","potentialAction":[{"@type":"ReadAction","target":["https:\/\/www.opticasantamaria.com\/en\/about-us\/"]}]},{"@type":"BreadcrumbList","@id":"https:\/\/www.opticasantamaria.com\/en\/about-us\/#breadcrumb","itemListElement":[{"@type":"ListItem","position":1,"name":"Portada","item":"https:\/\/www.opticasantamaria.com\/en\/optica-santa-maria\/"},{"@type":"ListItem","position":2,"name":"About us"}]},{"@type":"WebSite","@id":"https:\/\/www.opticasantamaria.com\/en\/#website","url":"https:\/\/www.opticasantamaria.com\/en\/","name":"\u00d2ptica Santa Maria","description":"Somos de otra pasta","publisher":{"@id":"https:\/\/www.opticasantamaria.com\/en\/#organization"},"potentialAction":[{"@type":"SearchAction","target":{"@type":"EntryPoint","urlTemplate":"https:\/\/www.opticasantamaria.com\/en\/?s={search_term_string}"},"query-input":{"@type":"PropertyValueSpecification","valueRequired":true,"valueName":"search_term_string"}}],"inLanguage":"en-US"},{"@type":"Organization","@id":"https:\/\/www.opticasantamaria.com\/en\/#organization","name":"\u00d2ptica Santa Maria","url":"https:\/\/www.opticasantamaria.com\/en\/","logo":{"@type":"ImageObject","inLanguage":"en-US","@id":"https:\/\/www.opticasantamaria.com\/en\/#\/schema\/logo\/image\/","url":"https:\/\/www.opticasantamaria.com\/wp-content\/uploads\/2024\/03\/optica-santa-maria-mallorca-logo.webp","contentUrl":"https:\/\/www.opticasantamaria.com\/wp-content\/uploads\/2024\/03\/optica-santa-maria-mallorca-logo.webp","width":696,"height":696,"caption":"\u00d2ptica Santa Maria"},"image":{"@id":"https:\/\/www.opticasantamaria.com\/en\/#\/schema\/logo\/image\/"},"sameAs":["https:\/\/www.facebook.com\/opticasantamaria-345258579849649","https:\/\/www.instagram.com\/opticasantamaria\/"]}]}},"_links":{"self":[{"href":"https:\/\/www.opticasantamaria.com\/en\/wp-json\/wp\/v2\/pages\/589","targetHints":{"allow":["GET"]}}],"collection":[{"href":"https:\/\/www.opticasantamaria.com\/en\/wp-json\/wp\/v2\/pages"}],"about":[{"href":"https:\/\/www.opticasantamaria.com\/en\/wp-json\/wp\/v2\/types\/page"}],"author":[{"embeddable":true,"href":"https:\/\/www.opticasantamaria.com\/en\/wp-json\/wp\/v2\/users\/1"}],"replies":[{"embeddable":true,"href":"https:\/\/www.opticasantamaria.com\/en\/wp-json\/wp\/v2\/comments?post=589"}],"version-history":[{"count":5,"href":"https:\/\/www.opticasantamaria.com\/en\/wp-json\/wp\/v2\/pages\/589\/revisions"}],"predecessor-version":[{"id":638,"href":"https:\/\/www.opticasantamaria.com\/en\/wp-json\/wp\/v2\/pages\/589\/revisions\/638"}],"wp:attachment":[{"href":"https:\/\/www.opticasantamaria.com\/en\/wp-json\/wp\/v2\/media?parent=589"}],"curies":[{"name":"wp","href":"https:\/\/api.w.org\/{rel}","templated":true}]}}